{"id":70,"date":"2020-08-08T22:25:54","date_gmt":"2020-08-08T22:25:54","guid":{"rendered":"http:\/\/localhost\/nopalitophoenix\/?page_id=70"},"modified":"2020-12-18T11:24:54","modified_gmt":"2020-12-18T18:24:54","slug":"contact-us","status":"publish","type":"page","link":"https:\/\/elnopalitophoenix.com\/es\/contact-us\/","title":{"rendered":"Cont\u00e1ctanos"},"content":{"rendered":"<div data-elementor-type=\"wp-page\" data-elementor-id=\"70\" class=\"elementor elementor-70\" data-elementor-post-type=\"page\">\n\t\t\t\t\t\t<section class=\"elementor-section elementor-top-section elementor-element elementor-element-195bd756 elementor-section-stretched elementor-section-boxed elementor-section-height-default elementor-section-height-default\" data-id=\"195bd756\" data-element_type=\"section\" data-e-type=\"section\" data-settings=\"{&quot;stretch_section&quot;:&quot;section-stretched&quot;,&quot;background_background&quot;:&quot;classic&quot;}\">\n\t\t\t\t\t\t\t<div class=\"elementor-background-overlay\"><\/div>\n\t\t\t\t\t\t\t<div class=\"elementor-container elementor-column-gap-default\">\n\t\t\t\t\t<div class=\"elementor-column elementor-col-100 elementor-top-column elementor-element elementor-element-69a5dd6a\" data-id=\"69a5dd6a\" data-element_type=\"column\" data-e-type=\"column\">\n\t\t\t<div class=\"elementor-widget-wrap elementor-element-populated\">\n\t\t\t\t\t\t<div class=\"elementor-element elementor-element-6238d58 elementor-widget elementor-widget-heading\" data-id=\"6238d58\" data-element_type=\"widget\" data-e-type=\"widget\" data-widget_type=\"heading.default\">\n\t\t\t\t<div class=\"elementor-widget-container\">\n\t\t\t\t\t<h3 class=\"elementor-heading-title elementor-size-default\">CONT\u00c1CTANOS<\/h3>\t\t\t\t<\/div>\n\t\t\t\t<\/div>\n\t\t\t\t<section class=\"elementor-section elementor-inner-section elementor-element elementor-element-283a92c6 elementor-section-boxed elementor-section-height-default elementor-section-height-default\" data-id=\"283a92c6\" data-element_type=\"section\" data-e-type=\"section\">\n\t\t\t\t\t\t<div class=\"elementor-container elementor-column-gap-default\">\n\t\t\t\t\t<div class=\"elementor-column elementor-col-50 elementor-inner-column elementor-element elementor-element-7b5d846a\" data-id=\"7b5d846a\" data-element_type=\"column\" data-e-type=\"column\">\n\t\t\t<div class=\"elementor-widget-wrap elementor-element-populated\">\n\t\t\t\t\t\t<div class=\"elementor-element elementor-element-23c3f806 elementor-widget elementor-widget-heading\" data-id=\"23c3f806\" data-element_type=\"widget\" data-e-type=\"widget\" data-widget_type=\"heading.default\">\n\t\t\t\t<div class=\"elementor-widget-container\">\n\t\t\t\t\t<h2 class=\"elementor-heading-title elementor-size-default\">2831 N 24th St<br>Phoenix, AZ<br> 85008<br>Tel\u00e9fono:<br> <a href=\"tel:+16025222043\" style=\"color:#ec1c24\">(602) 522-2043<\/a><\/h2>\t\t\t\t<\/div>\n\t\t\t\t<\/div>\n\t\t\t\t\t<\/div>\n\t\t<\/div>\n\t\t\t\t<div class=\"elementor-column elementor-col-50 elementor-inner-column elementor-element elementor-element-38119c99\" data-id=\"38119c99\" data-element_type=\"column\" data-e-type=\"column\">\n\t\t\t<div class=\"elementor-widget-wrap elementor-element-populated\">\n\t\t\t\t\t\t<div class=\"elementor-element elementor-element-6fda3eb3 elementor-widget elementor-widget-google_maps\" data-id=\"6fda3eb3\" data-element_type=\"widget\" data-e-type=\"widget\" data-widget_type=\"google_maps.default\">\n\t\t\t\t<div class=\"elementor-widget-container\">\n\t\t\t\t\t\t\t<div class=\"elementor-custom-embed\">\n\t\t\t<iframe loading=\"lazy\"\n\t\t\t\t\tsrc=\"https:\/\/maps.google.com\/maps?q=2831%20N%2024th%20St%20Phoenix%2C%20Arizona%2085008-1048&#038;t=m&#038;z=10&#038;output=embed&#038;iwloc=near\"\n\t\t\t\t\ttitle=\"2831 N 24th St Phoenix, Arizona 85008-1048\"\n\t\t\t\t\taria-label=\"2831 N 24th St Phoenix, Arizona 85008-1048\"\n\t\t\t><\/iframe>\n\t\t<\/div>\n\t\t\t\t\t\t<\/div>\n\t\t\t\t<\/div>\n\t\t\t\t\t<\/div>\n\t\t<\/div>\n\t\t\t\t\t<\/div>\n\t\t<\/section>\n\t\t\t\t\t<\/div>\n\t\t<\/div>\n\t\t\t\t\t<\/div>\n\t\t<\/section>\n\t\t\t\t<\/div>","protected":false},"excerpt":{"rendered":"<p>CONTACT US 2831 N 24th StPhoenix, AZ 85008Phone: (602) 522-2043<\/p>","protected":false},"author":2,"featured_media":0,"parent":0,"menu_order":0,"comment_status":"closed","ping_status":"closed","template":"","meta":{"ocean_post_layout":"","ocean_both_sidebars_style":"","ocean_both_sidebars_content_width":0,"ocean_both_sidebars_sidebars_width":0,"ocean_sidebar":"0","ocean_second_sidebar":"0","ocean_disable_margins":"on","ocean_add_body_class":"","ocean_shortcode_before_top_bar":"","ocean_shortcode_after_top_bar":"","ocean_shortcode_before_header":"","ocean_shortcode_after_header":"","ocean_has_shortcode":"","ocean_shortcode_after_title":"","ocean_shortcode_before_footer_widgets":"","ocean_shortcode_after_footer_widgets":"","ocean_shortcode_before_footer_bottom":"","ocean_shortcode_after_footer_bottom":"","ocean_display_top_bar":"default","ocean_display_header":"on","ocean_header_style":"","ocean_center_header_left_menu":"0","ocean_custom_header_template":"0","ocean_custom_logo":0,"ocean_custom_retina_logo":0,"ocean_custom_logo_max_width":0,"ocean_custom_logo_tablet_max_width":0,"ocean_custom_logo_mobile_max_width":0,"ocean_custom_logo_max_height":0,"ocean_custom_logo_tablet_max_height":0,"ocean_custom_logo_mobile_max_height":0,"ocean_header_custom_menu":"0","ocean_menu_typo_font_family":"0","ocean_menu_typo_font_subset":"","ocean_menu_typo_font_size":0,"ocean_menu_typo_font_size_tablet":0,"ocean_menu_typo_font_size_mobile":0,"ocean_menu_typo_font_size_unit":"px","ocean_menu_typo_font_weight":"","ocean_menu_typo_font_weight_tablet":"","ocean_menu_typo_font_weight_mobile":"","ocean_menu_typo_transform":"","ocean_menu_typo_transform_tablet":"","ocean_menu_typo_transform_mobile":"","ocean_menu_typo_line_height":0,"ocean_menu_typo_line_height_tablet":0,"ocean_menu_typo_line_height_mobile":0,"ocean_menu_typo_line_height_unit":"","ocean_menu_typo_spacing":0,"ocean_menu_typo_spacing_tablet":0,"ocean_menu_typo_spacing_mobile":0,"ocean_menu_typo_spacing_unit":"","ocean_menu_link_color":"","ocean_menu_link_color_hover":"","ocean_menu_link_color_active":"","ocean_menu_link_background":"","ocean_menu_link_hover_background":"","ocean_menu_link_active_background":"","ocean_menu_social_links_bg":"","ocean_menu_social_hover_links_bg":"","ocean_menu_social_links_color":"","ocean_menu_social_hover_links_color":"","ocean_disable_title":"on","ocean_disable_heading":"default","ocean_post_title":"","ocean_post_subheading":"","ocean_post_title_style":"","ocean_post_title_background_color":"","ocean_post_title_background":0,"ocean_post_title_bg_image_position":"","ocean_post_title_bg_image_attachment":"","ocean_post_title_bg_image_repeat":"","ocean_post_title_bg_image_size":"","ocean_post_title_height":0,"ocean_post_title_bg_overlay":0.5,"ocean_post_title_bg_overlay_color":"","ocean_disable_breadcrumbs":"default","ocean_breadcrumbs_color":"","ocean_breadcrumbs_separator_color":"","ocean_breadcrumbs_links_color":"","ocean_breadcrumbs_links_hover_color":"","ocean_display_footer_widgets":"off","ocean_display_footer_bottom":"off","ocean_custom_footer_template":"0","footnotes":""},"class_list":["post-70","page","type-page","status-publish","hentry","entry"],"yoast_head":"<!-- This site is optimized with the Yoast SEO plugin v27.4 - https:\/\/yoast.com\/product\/yoast-seo-wordpress\/ -->\n<title>Contact Us - El Nopalito Phoenix<\/title>\n<meta name=\"robots\" content=\"index, follow, max-snippet:-1, max-image-preview:large, max-video-preview:-1\" \/>\n<link rel=\"canonical\" href=\"https:\/\/elnopalitophoenix.com\/es\/contact-us\/\" \/>\n<meta property=\"og:locale\" content=\"es_MX\" \/>\n<meta property=\"og:type\" content=\"article\" \/>\n<meta property=\"og:title\" content=\"Contact Us - El Nopalito Phoenix\" \/>\n<meta property=\"og:description\" content=\"CONTACT US 2831 N 24th StPhoenix, AZ 85008Phone: (602) 522-2043\" \/>\n<meta property=\"og:url\" content=\"https:\/\/elnopalitophoenix.com\/es\/contact-us\/\" \/>\n<meta property=\"og:site_name\" content=\"El Nopalito Phoenix\" \/>\n<meta property=\"article:modified_time\" content=\"2020-12-18T18:24:54+00:00\" \/>\n<meta name=\"twitter:card\" content=\"summary_large_image\" \/>\n<script type=\"application\/ld+json\" class=\"yoast-schema-graph\">{\"@context\":\"https:\\\/\\\/schema.org\",\"@graph\":[{\"@type\":\"WebPage\",\"@id\":\"https:\\\/\\\/elnopalitophoenix.com\\\/contact-us\\\/\",\"url\":\"https:\\\/\\\/elnopalitophoenix.com\\\/contact-us\\\/\",\"name\":\"Contact Us - El Nopalito Phoenix\",\"isPartOf\":{\"@id\":\"https:\\\/\\\/elnopalitophoenix.com\\\/#website\"},\"datePublished\":\"2020-08-08T22:25:54+00:00\",\"dateModified\":\"2020-12-18T18:24:54+00:00\",\"breadcrumb\":{\"@id\":\"https:\\\/\\\/elnopalitophoenix.com\\\/contact-us\\\/#breadcrumb\"},\"inLanguage\":\"es\",\"potentialAction\":[{\"@type\":\"ReadAction\",\"target\":[\"https:\\\/\\\/elnopalitophoenix.com\\\/contact-us\\\/\"]}]},{\"@type\":\"BreadcrumbList\",\"@id\":\"https:\\\/\\\/elnopalitophoenix.com\\\/contact-us\\\/#breadcrumb\",\"itemListElement\":[{\"@type\":\"ListItem\",\"position\":1,\"name\":\"Home\",\"item\":\"https:\\\/\\\/elnopalitophoenix.com\\\/\"},{\"@type\":\"ListItem\",\"position\":2,\"name\":\"Contact Us\"}]},{\"@type\":\"WebSite\",\"@id\":\"https:\\\/\\\/elnopalitophoenix.com\\\/#website\",\"url\":\"https:\\\/\\\/elnopalitophoenix.com\\\/\",\"name\":\"El Nopalito Phoenix\",\"description\":\"Authentic Food from the Heart of Mexico City\",\"publisher\":{\"@id\":\"https:\\\/\\\/elnopalitophoenix.com\\\/#organization\"},\"potentialAction\":[{\"@type\":\"SearchAction\",\"target\":{\"@type\":\"EntryPoint\",\"urlTemplate\":\"https:\\\/\\\/elnopalitophoenix.com\\\/?s={search_term_string}\"},\"query-input\":{\"@type\":\"PropertyValueSpecification\",\"valueRequired\":true,\"valueName\":\"search_term_string\"}}],\"inLanguage\":\"es\"},{\"@type\":\"Organization\",\"@id\":\"https:\\\/\\\/elnopalitophoenix.com\\\/#organization\",\"name\":\"El Nopalito Phoenix\",\"url\":\"https:\\\/\\\/elnopalitophoenix.com\\\/\",\"logo\":{\"@type\":\"ImageObject\",\"inLanguage\":\"es\",\"@id\":\"https:\\\/\\\/elnopalitophoenix.com\\\/#\\\/schema\\\/logo\\\/image\\\/\",\"url\":\"https:\\\/\\\/elnopalitophoenix.com\\\/wp-content\\\/uploads\\\/2020\\\/10\\\/El-Nopalito-logo-1024x339-1.png\",\"contentUrl\":\"https:\\\/\\\/elnopalitophoenix.com\\\/wp-content\\\/uploads\\\/2020\\\/10\\\/El-Nopalito-logo-1024x339-1.png\",\"width\":1024,\"height\":339,\"caption\":\"El Nopalito Phoenix\"},\"image\":{\"@id\":\"https:\\\/\\\/elnopalitophoenix.com\\\/#\\\/schema\\\/logo\\\/image\\\/\"}}]}<\/script>\n<!-- \/ Yoast SEO plugin. -->","yoast_head_json":{"title":"Contact Us - El Nopalito Phoenix","robots":{"index":"index","follow":"follow","max-snippet":"max-snippet:-1","max-image-preview":"max-image-preview:large","max-video-preview":"max-video-preview:-1"},"canonical":"https:\/\/elnopalitophoenix.com\/es\/contact-us\/","og_locale":"es_MX","og_type":"article","og_title":"Contact Us - El Nopalito Phoenix","og_description":"CONTACT US 2831 N 24th StPhoenix, AZ 85008Phone: (602) 522-2043","og_url":"https:\/\/elnopalitophoenix.com\/es\/contact-us\/","og_site_name":"El Nopalito Phoenix","article_modified_time":"2020-12-18T18:24:54+00:00","twitter_card":"summary_large_image","schema":{"@context":"https:\/\/schema.org","@graph":[{"@type":"WebPage","@id":"https:\/\/elnopalitophoenix.com\/contact-us\/","url":"https:\/\/elnopalitophoenix.com\/contact-us\/","name":"Contact Us - El Nopalito Phoenix","isPartOf":{"@id":"https:\/\/elnopalitophoenix.com\/#website"},"datePublished":"2020-08-08T22:25:54+00:00","dateModified":"2020-12-18T18:24:54+00:00","breadcrumb":{"@id":"https:\/\/elnopalitophoenix.com\/contact-us\/#breadcrumb"},"inLanguage":"es","potentialAction":[{"@type":"ReadAction","target":["https:\/\/elnopalitophoenix.com\/contact-us\/"]}]},{"@type":"BreadcrumbList","@id":"https:\/\/elnopalitophoenix.com\/contact-us\/#breadcrumb","itemListElement":[{"@type":"ListItem","position":1,"name":"Home","item":"https:\/\/elnopalitophoenix.com\/"},{"@type":"ListItem","position":2,"name":"Contact Us"}]},{"@type":"WebSite","@id":"https:\/\/elnopalitophoenix.com\/#website","url":"https:\/\/elnopalitophoenix.com\/","name":"El Nopalito Phoenix","description":"Aut\u00e9ntica Comida desde el Coraz\u00f3n de la Ciudad de M\u00e9xico","publisher":{"@id":"https:\/\/elnopalitophoenix.com\/#organization"},"potentialAction":[{"@type":"SearchAction","target":{"@type":"EntryPoint","urlTemplate":"https:\/\/elnopalitophoenix.com\/?s={search_term_string}"},"query-input":{"@type":"PropertyValueSpecification","valueRequired":true,"valueName":"search_term_string"}}],"inLanguage":"es"},{"@type":"Organization","@id":"https:\/\/elnopalitophoenix.com\/#organization","name":"El Nopalito Phoenix","url":"https:\/\/elnopalitophoenix.com\/","logo":{"@type":"ImageObject","inLanguage":"es","@id":"https:\/\/elnopalitophoenix.com\/#\/schema\/logo\/image\/","url":"https:\/\/elnopalitophoenix.com\/wp-content\/uploads\/2020\/10\/El-Nopalito-logo-1024x339-1.png","contentUrl":"https:\/\/elnopalitophoenix.com\/wp-content\/uploads\/2020\/10\/El-Nopalito-logo-1024x339-1.png","width":1024,"height":339,"caption":"El Nopalito Phoenix"},"image":{"@id":"https:\/\/elnopalitophoenix.com\/#\/schema\/logo\/image\/"}}]}},"_links":{"self":[{"href":"https:\/\/elnopalitophoenix.com\/es\/wp-json\/wp\/v2\/pages\/70","targetHints":{"allow":["GET"]}}],"collection":[{"href":"https:\/\/elnopalitophoenix.com\/es\/wp-json\/wp\/v2\/pages"}],"about":[{"href":"https:\/\/elnopalitophoenix.com\/es\/wp-json\/wp\/v2\/types\/page"}],"author":[{"embeddable":true,"href":"https:\/\/elnopalitophoenix.com\/es\/wp-json\/wp\/v2\/users\/2"}],"replies":[{"embeddable":true,"href":"https:\/\/elnopalitophoenix.com\/es\/wp-json\/wp\/v2\/comments?post=70"}],"version-history":[{"count":0,"href":"https:\/\/elnopalitophoenix.com\/es\/wp-json\/wp\/v2\/pages\/70\/revisions"}],"wp:attachment":[{"href":"https:\/\/elnopalitophoenix.com\/es\/wp-json\/wp\/v2\/media?parent=70"}],"curies":[{"name":"wp","href":"https:\/\/api.w.org\/{rel}","templated":true}]}}