{"id":438,"date":"2020-08-25T15:09:22","date_gmt":"2020-08-25T15:09:22","guid":{"rendered":"https:\/\/marketing.masvalesaber.com\/elnopalitophoenix\/?page_id=438"},"modified":"2020-12-04T11:17:51","modified_gmt":"2020-12-04T18:17:51","slug":"thank-you-coupon-page-3","status":"publish","type":"page","link":"https:\/\/elnopalitophoenix.com\/es\/thank-you-coupon-page-3\/","title":{"rendered":"THANK YOU COUPON PAGE 3"},"content":{"rendered":"<div data-elementor-type=\"wp-page\" data-elementor-id=\"438\" class=\"elementor elementor-438\" data-elementor-post-type=\"page\">\n\t\t\t\t\t\t<section class=\"elementor-section elementor-top-section elementor-element elementor-element-d66387c elementor-section-stretched elementor-section-boxed elementor-section-height-default elementor-section-height-default\" data-id=\"d66387c\" data-element_type=\"section\" data-e-type=\"section\" data-settings=\"{&quot;background_background&quot;:&quot;classic&quot;,&quot;shape_divider_bottom&quot;:&quot;curve&quot;,&quot;shape_divider_bottom_negative&quot;:&quot;yes&quot;,&quot;stretch_section&quot;:&quot;section-stretched&quot;}\">\n\t\t\t\t\t\t\t<div class=\"elementor-background-overlay\"><\/div>\n\t\t\t\t\t\t<div class=\"elementor-shape elementor-shape-bottom\" aria-hidden=\"true\" data-negative=\"true\">\n\t\t\t<svg xmlns=\"http:\/\/www.w3.org\/2000\/svg\" viewbox=\"0 0 1000 100\" preserveaspectratio=\"none\">\n\t<path class=\"elementor-shape-fill\" d=\"M500,97C126.7,96.3,0.8,19.8,0,0v100l1000,0V1C1000,19.4,873.3,97.8,500,97z\"\/>\n<\/svg>\t\t<\/div>\n\t\t\t\t\t<div class=\"elementor-container elementor-column-gap-default\">\n\t\t\t\t\t<div class=\"elementor-column elementor-col-100 elementor-top-column elementor-element elementor-element-c7f0df3\" data-id=\"c7f0df3\" data-element_type=\"column\" data-e-type=\"column\">\n\t\t\t<div class=\"elementor-widget-wrap elementor-element-populated\">\n\t\t\t\t\t\t<div class=\"elementor-element elementor-element-4e617ab elementor-widget elementor-widget-heading\" data-id=\"4e617ab\" data-element_type=\"widget\" data-e-type=\"widget\" data-widget_type=\"heading.default\">\n\t\t\t\t<div class=\"elementor-widget-container\">\n\t\t\t\t\t<h1 class=\"elementor-heading-title elementor-size-xl\">THANKS FOR REGISTERING.<\/h1>\t\t\t\t<\/div>\n\t\t\t\t<\/div>\n\t\t\t\t<div class=\"elementor-element elementor-element-5cf867d elementor-widget elementor-widget-heading\" data-id=\"5cf867d\" data-element_type=\"widget\" data-e-type=\"widget\" data-widget_type=\"heading.default\">\n\t\t\t\t<div class=\"elementor-widget-container\">\n\t\t\t\t\t<h1 class=\"elementor-heading-title elementor-size-xl\">Enjoy a Free Consom\u00e9 with a purchase of $15 or more, during weekends. <br>We have sent a discount code to the email and phone number you provided.<\/h1>\t\t\t\t<\/div>\n\t\t\t\t<\/div>\n\t\t\t\t<section class=\"elementor-section elementor-inner-section elementor-element elementor-element-f95c6ee elementor-section-boxed elementor-section-height-default elementor-section-height-default\" data-id=\"f95c6ee\" data-element_type=\"section\" data-e-type=\"section\">\n\t\t\t\t\t\t<div class=\"elementor-container elementor-column-gap-default\">\n\t\t\t\t\t<div class=\"elementor-column elementor-col-25 elementor-inner-column elementor-element elementor-element-f47e988 elementor-hidden-phone\" data-id=\"f47e988\" data-element_type=\"column\" data-e-type=\"column\">\n\t\t\t<div class=\"elementor-widget-wrap elementor-element-populated\">\n\t\t\t\t\t\t<div class=\"elementor-element elementor-element-773394c elementor-view-default elementor-widget elementor-widget-icon\" data-id=\"773394c\" data-element_type=\"widget\" data-e-type=\"widget\" data-widget_type=\"icon.default\">\n\t\t\t\t<div class=\"elementor-widget-container\">\n\t\t\t\t\t\t\t<div class=\"elementor-icon-wrapper\">\n\t\t\t<div class=\"elementor-icon\">\n\t\t\t<i aria-hidden=\"true\" class=\"fas fa-arrow-right\"><\/i>\t\t\t<\/div>\n\t\t<\/div>\n\t\t\t\t\t\t<\/div>\n\t\t\t\t<\/div>\n\t\t\t\t\t<\/div>\n\t\t<\/div>\n\t\t\t\t<div class=\"elementor-column elementor-col-25 elementor-inner-column elementor-element elementor-element-60a94f9\" data-id=\"60a94f9\" data-element_type=\"column\" data-e-type=\"column\">\n\t\t\t<div class=\"elementor-widget-wrap elementor-element-populated\">\n\t\t\t\t\t\t<div class=\"elementor-element elementor-element-72323a7 elementor-mobile-align-center elementor-align-center elementor-widget elementor-widget-button\" data-id=\"72323a7\" data-element_type=\"widget\" data-e-type=\"widget\" data-widget_type=\"button.default\">\n\t\t\t\t<div class=\"elementor-widget-container\">\n\t\t\t\t\t\t\t\t\t<div class=\"elementor-button-wrapper\">\n\t\t\t\t\t<a class=\"elementor-button elementor-button-link elementor-size-sm\" href=\"https:\/\/marketing.masvalesaber.com\/elnopalitophoenix\/\">\n\t\t\t\t\t\t<span class=\"elementor-button-content-wrapper\">\n\t\t\t\t\t\t\t\t\t<span class=\"elementor-button-text\">BACK TO OUR HOME<\/span>\n\t\t\t\t\t<\/span>\n\t\t\t\t\t<\/a>\n\t\t\t\t<\/div>\n\t\t\t\t\t\t\t\t<\/div>\n\t\t\t\t<\/div>\n\t\t\t\t\t<\/div>\n\t\t<\/div>\n\t\t\t\t<div class=\"elementor-column elementor-col-50 elementor-inner-column elementor-element elementor-element-43a6a63 elementor-hidden-phone\" data-id=\"43a6a63\" data-element_type=\"column\" data-e-type=\"column\">\n\t\t\t<div class=\"elementor-widget-wrap elementor-element-populated\">\n\t\t\t\t\t\t<div class=\"elementor-element elementor-element-d4249f2 elementor-view-default elementor-widget elementor-widget-icon\" data-id=\"d4249f2\" data-element_type=\"widget\" data-e-type=\"widget\" data-widget_type=\"icon.default\">\n\t\t\t\t<div class=\"elementor-widget-container\">\n\t\t\t\t\t\t\t<div class=\"elementor-icon-wrapper\">\n\t\t\t<div class=\"elementor-icon\">\n\t\t\t<i aria-hidden=\"true\" class=\"fas fa-arrow-left\"><\/i>\t\t\t<\/div>\n\t\t<\/div>\n\t\t\t\t\t\t<\/div>\n\t\t\t\t<\/div>\n\t\t\t\t\t<\/div>\n\t\t<\/div>\n\t\t\t\t\t<\/div>\n\t\t<\/section>\n\t\t\t\t\t<\/div>\n\t\t<\/div>\n\t\t\t\t\t<\/div>\n\t\t<\/section>\n\t\t\t\t<section class=\"elementor-section elementor-top-section elementor-element elementor-element-dfd61c3 elementor-section-boxed elementor-section-height-default elementor-section-height-default\" data-id=\"dfd61c3\" data-element_type=\"section\" data-e-type=\"section\">\n\t\t\t\t\t\t<div class=\"elementor-container elementor-column-gap-default\">\n\t\t\t\t\t<div class=\"elementor-column elementor-col-100 elementor-top-column elementor-element elementor-element-9953328\" data-id=\"9953328\" data-element_type=\"column\" data-e-type=\"column\">\n\t\t\t<div class=\"elementor-widget-wrap elementor-element-populated\">\n\t\t\t\t\t\t<div class=\"elementor-element elementor-element-8eedaaf elementor-hidden-phone elementor-widget elementor-widget-image\" data-id=\"8eedaaf\" data-element_type=\"widget\" data-e-type=\"widget\" data-widget_type=\"image.default\">\n\t\t\t\t<div class=\"elementor-widget-container\">\n\t\t\t\t\t\t\t\t\t\t\t\t\t\t\t\t<a href=\"https:\/\/marketing.masvalesaber.com\/elnopalitophoenix\/menu\/\">\n\t\t\t\t\t\t\t<img decoding=\"async\" src=\"http:\/\/localhost\/nopalitophoenix\/wp-content\/uploads\/2020\/08\/el-nopalito-phoenix-barbacoa-de-borrego-1.jpg\" title=\"\" alt=\"\" loading=\"lazy\" \/>\t\t\t\t\t\t\t\t<\/a>\n\t\t\t\t\t\t\t\t\t\t\t\t\t\t\t<\/div>\n\t\t\t\t<\/div>\n\t\t\t\t<div class=\"elementor-element elementor-element-c348a03 elementor-hidden-desktop elementor-hidden-tablet elementor-widget elementor-widget-image\" data-id=\"c348a03\" data-element_type=\"widget\" data-e-type=\"widget\" data-widget_type=\"image.default\">\n\t\t\t\t<div class=\"elementor-widget-container\">\n\t\t\t\t\t\t\t\t\t\t\t\t\t\t\t\t<a href=\"https:\/\/marketing.masvalesaber.com\/elnopalitophoenix\/menu\/\">\n\t\t\t\t\t\t\t<img decoding=\"async\" src=\"http:\/\/localhost\/nopalitophoenix\/wp-content\/uploads\/2020\/08\/el-nopalito-phoenix-mexican-food-1-1-1.jpg\" title=\"\" alt=\"\" loading=\"lazy\" \/>\t\t\t\t\t\t\t\t<\/a>\n\t\t\t\t\t\t\t\t\t\t\t\t\t\t\t<\/div>\n\t\t\t\t<\/div>\n\t\t\t\t\t<\/div>\n\t\t<\/div>\n\t\t\t\t\t<\/div>\n\t\t<\/section>\n\t\t\t\t<\/div>","protected":false},"excerpt":{"rendered":"<p>THANKS FOR REGISTERING. Enjoy a Free Consom\u00e9 with a purchase of $15 or more, during weekends. We have sent a discount code to the email and phone number you provided. BACK TO OUR HOME<\/p>","protected":false},"author":2,"featured_media":0,"parent":0,"menu_order":0,"comment_status":"closed","ping_status":"closed","template":"","meta":{"ocean_post_layout":"","ocean_both_sidebars_style":"","ocean_both_sidebars_content_width":0,"ocean_both_sidebars_sidebars_width":0,"ocean_sidebar":"0","ocean_second_sidebar":"0","ocean_disable_margins":"enable","ocean_add_body_class":"","ocean_shortcode_before_top_bar":"","ocean_shortcode_after_top_bar":"","ocean_shortcode_before_header":"","ocean_shortcode_after_header":"","ocean_has_shortcode":"","ocean_shortcode_after_title":"","ocean_shortcode_before_footer_widgets":"","ocean_shortcode_after_footer_widgets":"","ocean_shortcode_before_footer_bottom":"","ocean_shortcode_after_footer_bottom":"","ocean_display_top_bar":"default","ocean_display_header":"default","ocean_header_style":"","ocean_center_header_left_menu":"0","ocean_custom_header_template":"0","ocean_custom_logo":0,"ocean_custom_retina_logo":0,"ocean_custom_logo_max_width":0,"ocean_custom_logo_tablet_max_width":0,"ocean_custom_logo_mobile_max_width":0,"ocean_custom_logo_max_height":0,"ocean_custom_logo_tablet_max_height":0,"ocean_custom_logo_mobile_max_height":0,"ocean_header_custom_menu":"0","ocean_menu_typo_font_family":"0","ocean_menu_typo_font_subset":"","ocean_menu_typo_font_size":0,"ocean_menu_typo_font_size_tablet":0,"ocean_menu_typo_font_size_mobile":0,"ocean_menu_typo_font_size_unit":"px","ocean_menu_typo_font_weight":"","ocean_menu_typo_font_weight_tablet":"","ocean_menu_typo_font_weight_mobile":"","ocean_menu_typo_transform":"","ocean_menu_typo_transform_tablet":"","ocean_menu_typo_transform_mobile":"","ocean_menu_typo_line_height":0,"ocean_menu_typo_line_height_tablet":0,"ocean_menu_typo_line_height_mobile":0,"ocean_menu_typo_line_height_unit":"","ocean_menu_typo_spacing":0,"ocean_menu_typo_spacing_tablet":0,"ocean_menu_typo_spacing_mobile":0,"ocean_menu_typo_spacing_unit":"","ocean_menu_link_color":"","ocean_menu_link_color_hover":"","ocean_menu_link_color_active":"","ocean_menu_link_background":"","ocean_menu_link_hover_background":"","ocean_menu_link_active_background":"","ocean_menu_social_links_bg":"","ocean_menu_social_hover_links_bg":"","ocean_menu_social_links_color":"","ocean_menu_social_hover_links_color":"","ocean_disable_title":"default","ocean_disable_heading":"default","ocean_post_title":"","ocean_post_subheading":"","ocean_post_title_style":"","ocean_post_title_background_color":"","ocean_post_title_background":0,"ocean_post_title_bg_image_position":"","ocean_post_title_bg_image_attachment":"","ocean_post_title_bg_image_repeat":"","ocean_post_title_bg_image_size":"","ocean_post_title_height":0,"ocean_post_title_bg_overlay":0.5,"ocean_post_title_bg_overlay_color":"","ocean_disable_breadcrumbs":"default","ocean_breadcrumbs_color":"","ocean_breadcrumbs_separator_color":"","ocean_breadcrumbs_links_color":"","ocean_breadcrumbs_links_hover_color":"","ocean_display_footer_widgets":"default","ocean_display_footer_bottom":"default","ocean_custom_footer_template":"0","footnotes":""},"class_list":["post-438","page","type-page","status-publish","hentry","entry"],"yoast_head":"<!-- This site is optimized with the Yoast SEO plugin v27.4 - https:\/\/yoast.com\/product\/yoast-seo-wordpress\/ -->\n<title>THANK YOU COUPON PAGE 3 - El Nopalito Phoenix<\/title>\n<meta name=\"robots\" content=\"index, follow, max-snippet:-1, max-image-preview:large, max-video-preview:-1\" \/>\n<link rel=\"canonical\" href=\"https:\/\/elnopalitophoenix.com\/es\/thank-you-coupon-page-3\/\" \/>\n<meta property=\"og:locale\" content=\"es_MX\" \/>\n<meta property=\"og:type\" content=\"article\" \/>\n<meta property=\"og:title\" content=\"THANK YOU COUPON PAGE 3 - El Nopalito Phoenix\" \/>\n<meta property=\"og:description\" content=\"THANKS FOR REGISTERING. Enjoy a Free Consom\u00e9 with a purchase of $15 or more, during weekends. We have sent a discount code to the email and phone number you provided. BACK TO OUR HOME\" \/>\n<meta property=\"og:url\" content=\"https:\/\/elnopalitophoenix.com\/es\/thank-you-coupon-page-3\/\" \/>\n<meta property=\"og:site_name\" content=\"El Nopalito Phoenix\" \/>\n<meta property=\"article:modified_time\" content=\"2020-12-04T18:17:51+00:00\" \/>\n<meta property=\"og:image\" content=\"http:\/\/localhost\/nopalitophoenix\/wp-content\/uploads\/2020\/08\/el-nopalito-phoenix-barbacoa-de-borrego-1.jpg\" \/>\n<meta name=\"twitter:card\" content=\"summary_large_image\" \/>\n<script type=\"application\/ld+json\" class=\"yoast-schema-graph\">{\"@context\":\"https:\\\/\\\/schema.org\",\"@graph\":[{\"@type\":\"WebPage\",\"@id\":\"https:\\\/\\\/elnopalitophoenix.com\\\/thank-you-coupon-page-3\\\/\",\"url\":\"https:\\\/\\\/elnopalitophoenix.com\\\/thank-you-coupon-page-3\\\/\",\"name\":\"THANK YOU COUPON PAGE 3 - El Nopalito Phoenix\",\"isPartOf\":{\"@id\":\"https:\\\/\\\/elnopalitophoenix.com\\\/#website\"},\"primaryImageOfPage\":{\"@id\":\"https:\\\/\\\/elnopalitophoenix.com\\\/thank-you-coupon-page-3\\\/#primaryimage\"},\"image\":{\"@id\":\"https:\\\/\\\/elnopalitophoenix.com\\\/thank-you-coupon-page-3\\\/#primaryimage\"},\"thumbnailUrl\":\"http:\\\/\\\/localhost\\\/nopalitophoenix\\\/wp-content\\\/uploads\\\/2020\\\/08\\\/el-nopalito-phoenix-barbacoa-de-borrego-1.jpg\",\"datePublished\":\"2020-08-25T15:09:22+00:00\",\"dateModified\":\"2020-12-04T18:17:51+00:00\",\"breadcrumb\":{\"@id\":\"https:\\\/\\\/elnopalitophoenix.com\\\/thank-you-coupon-page-3\\\/#breadcrumb\"},\"inLanguage\":\"es\",\"potentialAction\":[{\"@type\":\"ReadAction\",\"target\":[\"https:\\\/\\\/elnopalitophoenix.com\\\/thank-you-coupon-page-3\\\/\"]}]},{\"@type\":\"ImageObject\",\"inLanguage\":\"es\",\"@id\":\"https:\\\/\\\/elnopalitophoenix.com\\\/thank-you-coupon-page-3\\\/#primaryimage\",\"url\":\"http:\\\/\\\/localhost\\\/nopalitophoenix\\\/wp-content\\\/uploads\\\/2020\\\/08\\\/el-nopalito-phoenix-barbacoa-de-borrego-1.jpg\",\"contentUrl\":\"http:\\\/\\\/localhost\\\/nopalitophoenix\\\/wp-content\\\/uploads\\\/2020\\\/08\\\/el-nopalito-phoenix-barbacoa-de-borrego-1.jpg\"},{\"@type\":\"BreadcrumbList\",\"@id\":\"https:\\\/\\\/elnopalitophoenix.com\\\/thank-you-coupon-page-3\\\/#breadcrumb\",\"itemListElement\":[{\"@type\":\"ListItem\",\"position\":1,\"name\":\"Home\",\"item\":\"https:\\\/\\\/elnopalitophoenix.com\\\/\"},{\"@type\":\"ListItem\",\"position\":2,\"name\":\"THANK YOU COUPON PAGE 3\"}]},{\"@type\":\"WebSite\",\"@id\":\"https:\\\/\\\/elnopalitophoenix.com\\\/#website\",\"url\":\"https:\\\/\\\/elnopalitophoenix.com\\\/\",\"name\":\"El Nopalito Phoenix\",\"description\":\"Authentic Food from the Heart of Mexico City\",\"publisher\":{\"@id\":\"https:\\\/\\\/elnopalitophoenix.com\\\/#organization\"},\"potentialAction\":[{\"@type\":\"SearchAction\",\"target\":{\"@type\":\"EntryPoint\",\"urlTemplate\":\"https:\\\/\\\/elnopalitophoenix.com\\\/?s={search_term_string}\"},\"query-input\":{\"@type\":\"PropertyValueSpecification\",\"valueRequired\":true,\"valueName\":\"search_term_string\"}}],\"inLanguage\":\"es\"},{\"@type\":\"Organization\",\"@id\":\"https:\\\/\\\/elnopalitophoenix.com\\\/#organization\",\"name\":\"El Nopalito Phoenix\",\"url\":\"https:\\\/\\\/elnopalitophoenix.com\\\/\",\"logo\":{\"@type\":\"ImageObject\",\"inLanguage\":\"es\",\"@id\":\"https:\\\/\\\/elnopalitophoenix.com\\\/#\\\/schema\\\/logo\\\/image\\\/\",\"url\":\"https:\\\/\\\/elnopalitophoenix.com\\\/wp-content\\\/uploads\\\/2020\\\/10\\\/El-Nopalito-logo-1024x339-1.png\",\"contentUrl\":\"https:\\\/\\\/elnopalitophoenix.com\\\/wp-content\\\/uploads\\\/2020\\\/10\\\/El-Nopalito-logo-1024x339-1.png\",\"width\":1024,\"height\":339,\"caption\":\"El Nopalito Phoenix\"},\"image\":{\"@id\":\"https:\\\/\\\/elnopalitophoenix.com\\\/#\\\/schema\\\/logo\\\/image\\\/\"}}]}<\/script>\n<!-- \/ Yoast SEO plugin. -->","yoast_head_json":{"title":"THANK YOU COUPON PAGE 3 - El Nopalito Phoenix","robots":{"index":"index","follow":"follow","max-snippet":"max-snippet:-1","max-image-preview":"max-image-preview:large","max-video-preview":"max-video-preview:-1"},"canonical":"https:\/\/elnopalitophoenix.com\/es\/thank-you-coupon-page-3\/","og_locale":"es_MX","og_type":"article","og_title":"THANK YOU COUPON PAGE 3 - El Nopalito Phoenix","og_description":"THANKS FOR REGISTERING. Enjoy a Free Consom\u00e9 with a purchase of $15 or more, during weekends. We have sent a discount code to the email and phone number you provided. BACK TO OUR HOME","og_url":"https:\/\/elnopalitophoenix.com\/es\/thank-you-coupon-page-3\/","og_site_name":"El Nopalito Phoenix","article_modified_time":"2020-12-04T18:17:51+00:00","og_image":[{"url":"http:\/\/localhost\/nopalitophoenix\/wp-content\/uploads\/2020\/08\/el-nopalito-phoenix-barbacoa-de-borrego-1.jpg","type":"","width":"","height":""}],"twitter_card":"summary_large_image","schema":{"@context":"https:\/\/schema.org","@graph":[{"@type":"WebPage","@id":"https:\/\/elnopalitophoenix.com\/thank-you-coupon-page-3\/","url":"https:\/\/elnopalitophoenix.com\/thank-you-coupon-page-3\/","name":"THANK YOU COUPON PAGE 3 - El Nopalito Phoenix","isPartOf":{"@id":"https:\/\/elnopalitophoenix.com\/#website"},"primaryImageOfPage":{"@id":"https:\/\/elnopalitophoenix.com\/thank-you-coupon-page-3\/#primaryimage"},"image":{"@id":"https:\/\/elnopalitophoenix.com\/thank-you-coupon-page-3\/#primaryimage"},"thumbnailUrl":"http:\/\/localhost\/nopalitophoenix\/wp-content\/uploads\/2020\/08\/el-nopalito-phoenix-barbacoa-de-borrego-1.jpg","datePublished":"2020-08-25T15:09:22+00:00","dateModified":"2020-12-04T18:17:51+00:00","breadcrumb":{"@id":"https:\/\/elnopalitophoenix.com\/thank-you-coupon-page-3\/#breadcrumb"},"inLanguage":"es","potentialAction":[{"@type":"ReadAction","target":["https:\/\/elnopalitophoenix.com\/thank-you-coupon-page-3\/"]}]},{"@type":"ImageObject","inLanguage":"es","@id":"https:\/\/elnopalitophoenix.com\/thank-you-coupon-page-3\/#primaryimage","url":"http:\/\/localhost\/nopalitophoenix\/wp-content\/uploads\/2020\/08\/el-nopalito-phoenix-barbacoa-de-borrego-1.jpg","contentUrl":"http:\/\/localhost\/nopalitophoenix\/wp-content\/uploads\/2020\/08\/el-nopalito-phoenix-barbacoa-de-borrego-1.jpg"},{"@type":"BreadcrumbList","@id":"https:\/\/elnopalitophoenix.com\/thank-you-coupon-page-3\/#breadcrumb","itemListElement":[{"@type":"ListItem","position":1,"name":"Home","item":"https:\/\/elnopalitophoenix.com\/"},{"@type":"ListItem","position":2,"name":"THANK YOU COUPON PAGE 3"}]},{"@type":"WebSite","@id":"https:\/\/elnopalitophoenix.com\/#website","url":"https:\/\/elnopalitophoenix.com\/","name":"El Nopalito Phoenix","description":"Aut\u00e9ntica Comida desde el Coraz\u00f3n de la Ciudad de M\u00e9xico","publisher":{"@id":"https:\/\/elnopalitophoenix.com\/#organization"},"potentialAction":[{"@type":"SearchAction","target":{"@type":"EntryPoint","urlTemplate":"https:\/\/elnopalitophoenix.com\/?s={search_term_string}"},"query-input":{"@type":"PropertyValueSpecification","valueRequired":true,"valueName":"search_term_string"}}],"inLanguage":"es"},{"@type":"Organization","@id":"https:\/\/elnopalitophoenix.com\/#organization","name":"El Nopalito Phoenix","url":"https:\/\/elnopalitophoenix.com\/","logo":{"@type":"ImageObject","inLanguage":"es","@id":"https:\/\/elnopalitophoenix.com\/#\/schema\/logo\/image\/","url":"https:\/\/elnopalitophoenix.com\/wp-content\/uploads\/2020\/10\/El-Nopalito-logo-1024x339-1.png","contentUrl":"https:\/\/elnopalitophoenix.com\/wp-content\/uploads\/2020\/10\/El-Nopalito-logo-1024x339-1.png","width":1024,"height":339,"caption":"El Nopalito Phoenix"},"image":{"@id":"https:\/\/elnopalitophoenix.com\/#\/schema\/logo\/image\/"}}]}},"_links":{"self":[{"href":"https:\/\/elnopalitophoenix.com\/es\/wp-json\/wp\/v2\/pages\/438","targetHints":{"allow":["GET"]}}],"collection":[{"href":"https:\/\/elnopalitophoenix.com\/es\/wp-json\/wp\/v2\/pages"}],"about":[{"href":"https:\/\/elnopalitophoenix.com\/es\/wp-json\/wp\/v2\/types\/page"}],"author":[{"embeddable":true,"href":"https:\/\/elnopalitophoenix.com\/es\/wp-json\/wp\/v2\/users\/2"}],"replies":[{"embeddable":true,"href":"https:\/\/elnopalitophoenix.com\/es\/wp-json\/wp\/v2\/comments?post=438"}],"version-history":[{"count":0,"href":"https:\/\/elnopalitophoenix.com\/es\/wp-json\/wp\/v2\/pages\/438\/revisions"}],"wp:attachment":[{"href":"https:\/\/elnopalitophoenix.com\/es\/wp-json\/wp\/v2\/media?parent=438"}],"curies":[{"name":"wp","href":"https:\/\/api.w.org\/{rel}","templated":true}]}}